{"id":1042,"date":"2019-06-01T05:38:36","date_gmt":"2019-06-01T05:38:36","guid":{"rendered":"https:\/\/kapee.presslayouts.com\/dummy\/?page_id=1042"},"modified":"2022-06-22T12:20:26","modified_gmt":"2022-06-22T10:20:26","slug":"about-us","status":"publish","type":"page","link":"http:\/\/amarisleather.com\/fr\/about-us\/","title":{"rendered":"Notre histoire"},"content":{"rendered":"<div class=\"vc_row wpb_row vc_row-fluid vc_custom_1563257736102 vc_row-o-content-middle vc_row-flex\"><div class=\"wpb_column vc_column_container vc_col-sm-4\"><div class=\"vc_column-inner\"><div class=\"wpb_wrapper\">\n\t<div  class=\"wpb_single_image wpb_content_element vc_align_left\">\n\t\t\n\t\t<figure class=\"wpb_wrapper vc_figure\">\n\t\t\t<div class=\"vc_single_image-wrapper   vc_box_border_grey\"><img loading=\"lazy\" decoding=\"async\" width=\"1500\" height=\"1548\" src=\"https:\/\/amarisleather.com\/wp-content\/uploads\/2022\/06\/amaris1.jpg\" class=\"vc_single_image-img attachment-full\" alt=\"\" srcset=\"https:\/\/amarisleather.com\/wp-content\/uploads\/2022\/06\/amaris1.jpg 1500w, https:\/\/amarisleather.com\/wp-content\/uploads\/2022\/06\/amaris1-291x300.jpg 291w, https:\/\/amarisleather.com\/wp-content\/uploads\/2022\/06\/amaris1-992x1024.jpg 992w, https:\/\/amarisleather.com\/wp-content\/uploads\/2022\/06\/amaris1-768x793.jpg 768w, https:\/\/amarisleather.com\/wp-content\/uploads\/2022\/06\/amaris1-1488x1536.jpg 1488w, https:\/\/amarisleather.com\/wp-content\/uploads\/2022\/06\/amaris1-12x12.jpg 12w, https:\/\/amarisleather.com\/wp-content\/uploads\/2022\/06\/amaris1-600x619.jpg 600w\" sizes=\"auto, (max-width: 1500px) 100vw, 1500px\" \/><\/div>\n\t\t<\/figure>\n\t<\/div>\n<\/div><\/div><\/div><div class=\"wpb_column vc_column_container vc_col-sm-7\"><div class=\"vc_column-inner\"><div class=\"wpb_wrapper\"><div id=\"kapee-header-92348\" class=\"kapee-element kapee-heading text-left kapee-width-100 separator-none separator-between-heading\">\t\n\t\t\t\n\t\t\t<div class=\"heading-wrap\">\n\t\t\t<span class=\"separator-left\"><\/span>\n\t\t\t<h1 class=\"heading-title\">La naissance : <\/h1>\t\t\t<span class=\"separator-right\"><\/span>\n\t\t\t\t\t<\/div>\n\t\t\n    <\/div>\n\t<div class=\"wpb_text_column wpb_content_element\" >\n\t\t<div class=\"wpb_wrapper\">\n\t\t\t<h3 class=\"p1\">L'atelier familial a \u00e9t\u00e9 <b>fond\u00e9 en<\/b> <b>1962<\/b> au coeur de la ville de Marrakech \"la m\u00e9dina\", par le p\u00e8re fondateur '<i>Amaris<\/i>', il s'inscrit dans la tradition de la maroquinerie marocaine.<\/h3>\n<h3 class=\"p1\">Inspir\u00e9 par la culture de la ville rouge, son architecture et les valeurs humaines de ses habitants, notre savoir-faire se transmet de p\u00e8re en fils.<\/h3>\n<h3 class=\"p1\">Le perfectionnisme est dans notre ADN, l'amour du m\u00e9tier et l'ambition sont nos motivations pour faire \u00e9voluer les techniques de fabrication et am\u00e9liorer en permanence la qualit\u00e9 de nos cr\u00e9ations.<\/h3>\n\n\t\t<\/div>\n\t<\/div>\n<\/div><\/div><\/div><div class=\"wpb_column vc_column_container vc_col-sm-12\"><div class=\"vc_column-inner\"><div class=\"wpb_wrapper\"><\/div><\/div><\/div><\/div><div class=\"vc_row wpb_row vc_row-fluid vc_custom_1654883757204 vc_row-o-content-top vc_row-flex\"><div class=\"wpb_column vc_column_container vc_col-sm-4\"><div class=\"vc_column-inner\"><div class=\"wpb_wrapper\">\n\t<div  class=\"wpb_single_image wpb_content_element vc_align_center\">\n\t\t\n\t\t<figure class=\"wpb_wrapper vc_figure\">\n\t\t\t<div class=\"vc_single_image-wrapper   vc_box_border_grey\"><img loading=\"lazy\" decoding=\"async\" width=\"1706\" height=\"2560\" src=\"https:\/\/amarisleather.com\/wp-content\/uploads\/2022\/02\/Amaris-atelier-scaled.jpg\" class=\"vc_single_image-img attachment-full\" alt=\"\" srcset=\"https:\/\/amarisleather.com\/wp-content\/uploads\/2022\/02\/Amaris-atelier-scaled.jpg 1706w, https:\/\/amarisleather.com\/wp-content\/uploads\/2022\/02\/Amaris-atelier-200x300.jpg 200w, https:\/\/amarisleather.com\/wp-content\/uploads\/2022\/02\/Amaris-atelier-683x1024.jpg 683w, https:\/\/amarisleather.com\/wp-content\/uploads\/2022\/02\/Amaris-atelier-768x1152.jpg 768w, https:\/\/amarisleather.com\/wp-content\/uploads\/2022\/02\/Amaris-atelier-1024x1536.jpg 1024w, https:\/\/amarisleather.com\/wp-content\/uploads\/2022\/02\/Amaris-atelier-1365x2048.jpg 1365w, https:\/\/amarisleather.com\/wp-content\/uploads\/2022\/02\/Amaris-atelier-600x900.jpg 600w\" sizes=\"auto, (max-width: 1706px) 100vw, 1706px\" \/><\/div>\n\t\t<\/figure>\n\t<\/div>\n<\/div><\/div><\/div><div class=\"wpb_column vc_column_container vc_col-sm-7\"><div class=\"vc_column-inner\"><div class=\"wpb_wrapper\"><div id=\"kapee-header-60191\" class=\"kapee-element kapee-heading text-left kapee-width-100 separator-none separator-between-heading\">\t\n\t\t\t\n\t\t\t<div class=\"heading-wrap\">\n\t\t\t<span class=\"separator-left\"><\/span>\n\t\t\t<h1 class=\"heading-title\">La Marque : <\/h1>\t\t\t<span class=\"separator-right\"><\/span>\n\t\t\t\t\t<\/div>\n\t\t\n    <\/div>\n\t<div class=\"wpb_text_column wpb_content_element\" >\n\t\t<div class=\"wpb_wrapper\">\n\t\t\t<h3 class=\"p1\"><i>Amaris<\/i> est un mot berb\u00e8re qui signifie perfection, nous avons choisi ce nom de marque car il incarne notre identit\u00e9, nos grandes valeurs et surtout nos ambitions de faire conna\u00eetre nos \u0153uvres \u00e0 l'international.<\/h3>\n<h3 class=\"p1\">Les produits Amaris sont fabriqu\u00e9s \u00e0 ce jour avec des m\u00e9thodes artisanales mettant en \u0153uvre tous les proc\u00e9d\u00e9s et r\u00e8gles de la conception d'un produit de luxe. D'o\u00f9 l'utilisation de mat\u00e9riaux \u00e9cologiques.<\/h3>\n<h3 class=\"p1\"><i>Amaris<\/i> est le fruit d'une collaboration entre plusieurs artisans marrakchis qui travaillent avec soin et amour.<\/h3>\n<h3 class=\"p1\">L'utilisation de mat\u00e9riaux naturels et la qualit\u00e9 de la finition sont des valeurs que met en avant Amaris.<\/h3>\n\n\t\t<\/div>\n\t<\/div>\n<\/div><\/div><\/div><div class=\"wpb_column vc_column_container vc_col-sm-12\"><div class=\"vc_column-inner\"><div class=\"wpb_wrapper\"><\/div><\/div><\/div><\/div>","protected":false},"excerpt":{"rendered":"The birth : The family workshop was founded in 1962 in the heart of the city of Marrakesh \u2018the medina\u2019, by the founding father \u2018Amaris\u2019, it is part of the","protected":false},"author":1,"featured_media":0,"parent":0,"menu_order":0,"comment_status":"closed","ping_status":"closed","template":"","meta":{"_monsterinsights_skip_tracking":false,"_monsterinsights_sitenote_active":false,"_monsterinsights_sitenote_note":"","_monsterinsights_sitenote_category":0,"footnotes":""},"class_list":["post-1042","page","type-page","status-publish","hentry"],"_links":{"self":[{"href":"http:\/\/amarisleather.com\/fr\/wp-json\/wp\/v2\/pages\/1042","targetHints":{"allow":["GET"]}}],"collection":[{"href":"http:\/\/amarisleather.com\/fr\/wp-json\/wp\/v2\/pages"}],"about":[{"href":"http:\/\/amarisleather.com\/fr\/wp-json\/wp\/v2\/types\/page"}],"author":[{"embeddable":true,"href":"http:\/\/amarisleather.com\/fr\/wp-json\/wp\/v2\/users\/1"}],"replies":[{"embeddable":true,"href":"http:\/\/amarisleather.com\/fr\/wp-json\/wp\/v2\/comments?post=1042"}],"version-history":[{"count":46,"href":"http:\/\/amarisleather.com\/fr\/wp-json\/wp\/v2\/pages\/1042\/revisions"}],"predecessor-version":[{"id":2081,"href":"http:\/\/amarisleather.com\/fr\/wp-json\/wp\/v2\/pages\/1042\/revisions\/2081"}],"wp:attachment":[{"href":"http:\/\/amarisleather.com\/fr\/wp-json\/wp\/v2\/media?parent=1042"}],"curies":[{"name":"wp","href":"https:\/\/api.w.org\/{rel}","templated":true}]}}